{"id":3,"date":"2022-02-23T14:52:55","date_gmt":"2022-02-23T14:52:55","guid":{"rendered":"https:\/\/fordonsanpassarna.se\/?page_id=3"},"modified":"2022-04-01T08:57:31","modified_gmt":"2022-04-01T07:57:31","slug":"privacy-policy","status":"publish","type":"page","link":"https:\/\/fordonsanpassarna.se\/en\/privacy-policy\/","title":{"rendered":"Privacy policy"},"content":{"rendered":"<div data-elementor-type=\"wp-page\" data-elementor-id=\"3\" class=\"elementor elementor-3\" data-elementor-post-type=\"page\">\n\t\t\t\t\t\t<section class=\"elementor-section elementor-top-section elementor-element elementor-element-7de915b3 elementor-section-height-min-height elementor-section-items-top elementor-section-boxed elementor-section-height-default\" data-id=\"7de915b3\" data-element_type=\"section\" data-e-type=\"section\" data-settings=\"{&quot;background_background&quot;:&quot;classic&quot;}\">\n\t\t\t\t\t\t\t<div class=\"elementor-background-overlay\"><\/div>\n\t\t\t\t\t\t\t<div class=\"elementor-container elementor-column-gap-default\">\n\t\t\t\t\t<div class=\"elementor-column elementor-col-100 elementor-top-column elementor-element elementor-element-176534b1\" data-id=\"176534b1\" data-element_type=\"column\" data-e-type=\"column\">\n\t\t\t<div class=\"elementor-widget-wrap elementor-element-populated\">\n\t\t\t\t\t\t<div class=\"elementor-element elementor-element-1bd33280 elementor-widget elementor-widget-spacer\" data-id=\"1bd33280\" data-element_type=\"widget\" data-e-type=\"widget\" data-widget_type=\"spacer.default\">\n\t\t\t\t<div class=\"elementor-widget-container\">\n\t\t\t\t\t\t\t<div class=\"elementor-spacer\">\n\t\t\t<div class=\"elementor-spacer-inner\"><\/div>\n\t\t<\/div>\n\t\t\t\t\t\t<\/div>\n\t\t\t\t<\/div>\n\t\t\t\t<div class=\"elementor-element elementor-element-7b29d607 elementor-widget elementor-widget-text-editor\" data-id=\"7b29d607\" data-element_type=\"widget\" data-e-type=\"widget\" data-widget_type=\"text-editor.default\">\n\t\t\t\t<div class=\"elementor-widget-container\">\n\t\t\t\t\t\t\t\t\t<p>Sekretess<\/p>\t\t\t\t\t\t\t\t<\/div>\n\t\t\t\t<\/div>\n\t\t\t\t<div class=\"elementor-element elementor-element-3635c1a2 elementor-widget-divider--view-line elementor-widget elementor-widget-divider\" data-id=\"3635c1a2\" data-element_type=\"widget\" data-e-type=\"widget\" data-widget_type=\"divider.default\">\n\t\t\t\t<div class=\"elementor-widget-container\">\n\t\t\t\t\t\t\t<div class=\"elementor-divider\">\n\t\t\t<span class=\"elementor-divider-separator\">\n\t\t\t\t\t\t<\/span>\n\t\t<\/div>\n\t\t\t\t\t\t<\/div>\n\t\t\t\t<\/div>\n\t\t\t\t<div class=\"elementor-element elementor-element-688bcfe9 elementor-widget elementor-widget-text-editor\" data-id=\"688bcfe9\" data-element_type=\"widget\" data-e-type=\"widget\" data-widget_type=\"text-editor.default\">\n\t\t\t\t<div class=\"elementor-widget-container\">\n\t\t\t\t\t\t\t\t\t<h1>Privacy policy<\/h1>\t\t\t\t\t\t\t\t<\/div>\n\t\t\t\t<\/div>\n\t\t\t\t\t<\/div>\n\t\t<\/div>\n\t\t\t\t\t<\/div>\n\t\t<\/section>\n\t\t\t\t<section class=\"elementor-section elementor-top-section elementor-element elementor-element-357eaaab elementor-section-full_width elementor-section-height-min-height elementor-section-items-stretch elementor-section-height-default\" data-id=\"357eaaab\" data-element_type=\"section\" data-e-type=\"section\" data-settings=\"{&quot;background_background&quot;:&quot;classic&quot;}\">\n\t\t\t\t\t\t<div class=\"elementor-container elementor-column-gap-no\">\n\t\t\t\t\t<div class=\"elementor-column elementor-col-100 elementor-top-column elementor-element elementor-element-53d9a611\" data-id=\"53d9a611\" data-element_type=\"column\" data-e-type=\"column\">\n\t\t\t<div class=\"elementor-widget-wrap elementor-element-populated\">\n\t\t\t\t\t\t<div class=\"elementor-element elementor-element-1823beb9 elementor-widget elementor-widget-html\" data-id=\"1823beb9\" data-element_type=\"widget\" data-e-type=\"widget\" data-widget_type=\"html.default\">\n\t\t\t\t<div class=\"elementor-widget-container\">\n\t\t\t\t\t<script> \njQuery(document).ready(function($) { \nvar delay = 100; setTimeout(function() { \n$('.elementor-tab-title').removeClass('elementor-active');\n $('.elementor-tab-content').css('display', 'none'); }, delay); \n}); \n<\/script>\t\t\t\t<\/div>\n\t\t\t\t<\/div>\n\t\t\t\t<section class=\"elementor-section elementor-inner-section elementor-element elementor-element-3d62bf25 elementor-section-boxed elementor-section-height-default elementor-section-height-default\" data-id=\"3d62bf25\" data-element_type=\"section\" data-e-type=\"section\">\n\t\t\t\t\t\t<div class=\"elementor-container elementor-column-gap-default\">\n\t\t\t\t\t<div class=\"elementor-column elementor-col-100 elementor-inner-column elementor-element elementor-element-152bfb87\" data-id=\"152bfb87\" data-element_type=\"column\" data-e-type=\"column\">\n\t\t\t<div class=\"elementor-widget-wrap elementor-element-populated\">\n\t\t\t\t\t\t<div class=\"elementor-element elementor-element-77550544 elementor-widget elementor-widget-text-editor\" data-id=\"77550544\" data-element_type=\"widget\" data-e-type=\"widget\" data-widget_type=\"text-editor.default\">\n\t\t\t\t<div class=\"elementor-widget-container\">\n\t\t\t\t\t\t\t\t\t<h2 style=\"text-align: center;\">Sajtens inneh\u00e5ll<\/h2>\n<p style=\"text-align: left;\">All information p\u00e5 sajten har uteslutande informationsspridande syfte. Sajten ska ej betraktas eller anv\u00e4ndas som en ers\u00e4ttning f\u00f6r information som \u00e4r tillg\u00e4nglig hos auktoriserade \u00e5terf\u00f6rs\u00e4ljare och leverant\u00f6rer. Informationen p\u00e5 sajten \u00e4r inte juridiskt bindande och utg\u00f6r inget f\u00f6rs\u00e4ljningserbjudande.<\/p>\n<p style=\"text-align: left;\">Fordonsanpassarna Trollh\u00e4ttan AB, nedan kallad Fordonsanpassarna, g\u00f6r allt som rimligen \u00e4r m\u00f6jligt f\u00f6r att all information p\u00e5 sajten ska vara korrekt. Trots detta kan ingen garanti mot felaktigheter p\u00e5 sajten l\u00e4mnas och Fordonsanpassarna fr\u00e5ntar sig d\u00e4rf\u00f6r ansvaret f\u00f6r att informationen \u00e4r korrekt och fullst\u00e4ndig. Sajten och all information i densamma delges dig \u201dsom den \u00e4r\u201d, utan n\u00e5gra uttryckta eller eljest l\u00e4mnade garantier. Fordonsanpassarna f\u00f6rbeh\u00e5ller sig r\u00e4tten att n\u00e4r som helst och utan f\u00f6rvarning f\u00f6reta f\u00f6r\u00e4ndringar avseende bilmodeller, utrustning, specifikationer samt tillg\u00e4nglighet.<\/p>\n<h2 style=\"text-align: center;\">Copyright<\/h2>\n<p style=\"text-align: left;\">Framst\u00e4llandet av och inneh\u00e5llet i denna sajt skyddas av industrial and intellectual rights. Information, text, bilder och grafik f\u00e5r endast anv\u00e4ndas f\u00f6r personliga, icke-kommersiella \u00e4ndam\u00e5l och f\u00e5r inte \u00e5terges, \u00e4ndras, vidarebefordras eller publiceras helt eller delvis, oavsett \u00e4ndam\u00e5l utom f\u00f6r att titta p\u00e5, utan att skriftligt tillst\u00e5nd f\u00f6rst har inh\u00e4mtats fr\u00e5n avs\u00e4ndaren av denna webbplats.<\/p>\n<h2 style=\"text-align: center;\">Personuppgifter<\/h2>\n<p style=\"text-align: left;\">Varje personlig uppgift som du l\u00e4mnar till Fordonsanpassarna och v\u00e5r sajt kommer bara att anv\u00e4ndas av Fordonsanpassarna f\u00f6r att f\u00f6rb\u00e4ttra den service som vi tillhandah\u00e5ller, inklusive marknadsf\u00f6ring. Fordonsanpassarna g\u00f6r allt f\u00f6r att s\u00e4kerst\u00e4lla att insamlande, \u00f6verf\u00f6ring och lagring av personliga uppgifter sker p\u00e5 ett s\u00e4kert och betryggande s\u00e4tt s\u00e5som kan f\u00f6rv\u00e4ntas g\u00e4llande handhavande av s\u00e5dan information. Fordonsanpassarna kommer inte att \u00f6verf\u00f6ra personliga uppgifter till tredje part. Du har r\u00e4tt att n\u00e4r som helst f\u00e5 tillg\u00e5ng till dina personliga uppgifter samt korrigera felaktigheter och inv\u00e4nda mot anv\u00e4ndningen av personliga uppgifter.<\/p>\n<p style=\"text-align: left;\">D\u00e5 Fordonsanpassarna inte \u00e4r skyldigt att \u00f6vervaka eller granska information som l\u00e4mnas av bes\u00f6kare p\u00e5 sajten och fr\u00e5ntar sig allt ansvar avseende s\u00e5dan anv\u00e4ndarinformation, f\u00f6rbeh\u00e5ller sig Fordonsanpassarna r\u00e4tten att d\u00e5 och d\u00e5 kontrollera s\u00e5dan information och ta bort den fr\u00e5n sajten utan angivande av sk\u00e4l.<\/p>\n<h2 style=\"text-align: center;\">Om cookies<\/h2>\n<p style=\"text-align: left;\">Denna sajt anv\u00e4nder en teknik med s.k. cookies f\u00f6r att kunna f\u00f6lja bes\u00f6karens sp\u00e5r p\u00e5 sajten. Denna teknik syftar till att registrera anv\u00e4ndarnas aktivitet p\u00e5 sajten och att underl\u00e4tta utv\u00e4rderingar och f\u00f6rb\u00e4ttringar f\u00f6r att g\u00f6ra sajten mer anv\u00e4ndbar f\u00f6r dig. Sajten anv\u00e4nder dock inte denna teknik f\u00f6r att registrera information om individuella anv\u00e4ndare, varf\u00f6r ingen information om just dig kommer att sparas eller anv\u00e4ndas. Notera att du kan st\u00e4lla in din egen webbl\u00e4sare s\u00e5 att den inte accepterar cookies eller varnar dig om cookies anv\u00e4nds.<\/p>\t\t\t\t\t\t\t\t<\/div>\n\t\t\t\t<\/div>\n\t\t\t\t\t<\/div>\n\t\t<\/div>\n\t\t\t\t\t<\/div>\n\t\t<\/section>\n\t\t\t\t\t<\/div>\n\t\t<\/div>\n\t\t\t\t\t<\/div>\n\t\t<\/section>\n\t\t\t\t<\/div>","protected":false},"excerpt":{"rendered":"<p>Sekretess Integritetspolicy Sajtens inneh\u00e5ll All information p\u00e5 sajten har uteslutande informationsspridande syfte. Sajten ska ej betraktas eller anv\u00e4ndas som en ers\u00e4ttning f\u00f6r information som \u00e4r tillg\u00e4nglig hos auktoriserade \u00e5terf\u00f6rs\u00e4ljare och leverant\u00f6rer. Informationen p\u00e5 sajten \u00e4r inte juridiskt bindande och utg\u00f6r inget f\u00f6rs\u00e4ljningserbjudande. Fordonsanpassarna Trollh\u00e4ttan AB, nedan kallad Fordonsanpassarna, g\u00f6r allt som rimligen \u00e4r m\u00f6jligt f\u00f6r [&hellip;]<\/p>\n","protected":false},"author":1,"featured_media":0,"parent":0,"menu_order":0,"comment_status":"closed","ping_status":"open","template":"elementor_header_footer","meta":{"inline_featured_image":false,"footnotes":""},"class_list":["post-3","page","type-page","status-publish","hentry"],"yoast_head":"<!-- This site is optimized with the Yoast SEO plugin v27.4 - https:\/\/yoast.com\/product\/yoast-seo-wordpress\/ -->\n<title>Integritetspolicy | Fordonsanpassarna<\/title>\n<meta name=\"description\" content=\"L\u00e4s v\u00e5r integritetspolicy h\u00e4r, som g\u00e5r igenom webbsidans inneh\u00e5ll, copyright, cookies och hantering av personuppgifter.\" \/>\n<meta name=\"robots\" content=\"noindex, nofollow\" \/>\n<meta property=\"og:locale\" content=\"en_US\" \/>\n<meta property=\"og:type\" content=\"article\" \/>\n<meta property=\"og:title\" content=\"Integritetspolicy | Fordonsanpassarna\" \/>\n<meta property=\"og:description\" content=\"L\u00e4s v\u00e5r integritetspolicy h\u00e4r, som g\u00e5r igenom webbsidans inneh\u00e5ll, copyright, cookies och hantering av personuppgifter.\" \/>\n<meta property=\"og:url\" content=\"https:\/\/fordonsanpassarna.se\/en\/privacy-policy\/\" \/>\n<meta property=\"og:site_name\" content=\"Fordonsanpassarna\" \/>\n<meta property=\"article:publisher\" content=\"https:\/\/www.facebook.com\/Fordonsanpassarna-Trollh%c3%a4ttan-AB-378064840147\/\" \/>\n<meta property=\"article:modified_time\" content=\"2022-04-01T07:57:31+00:00\" \/>\n<meta name=\"twitter:card\" content=\"summary_large_image\" \/>\n<meta name=\"twitter:label1\" content=\"Est. reading time\" \/>\n\t<meta name=\"twitter:data1\" content=\"3 minutes\" \/>\n<script type=\"application\/ld+json\" class=\"yoast-schema-graph\">{\"@context\":\"https:\\\/\\\/schema.org\",\"@graph\":[{\"@type\":\"WebPage\",\"@id\":\"https:\\\/\\\/fordonsanpassarna.se\\\/privacy-policy\\\/\",\"url\":\"https:\\\/\\\/fordonsanpassarna.se\\\/privacy-policy\\\/\",\"name\":\"Integritetspolicy | Fordonsanpassarna\",\"isPartOf\":{\"@id\":\"https:\\\/\\\/fordonsanpassarna.se\\\/#website\"},\"datePublished\":\"2022-02-23T14:52:55+00:00\",\"dateModified\":\"2022-04-01T07:57:31+00:00\",\"description\":\"L\u00e4s v\u00e5r integritetspolicy h\u00e4r, som g\u00e5r igenom webbsidans inneh\u00e5ll, copyright, cookies och hantering av personuppgifter.\",\"breadcrumb\":{\"@id\":\"https:\\\/\\\/fordonsanpassarna.se\\\/privacy-policy\\\/#breadcrumb\"},\"inLanguage\":\"en-US\",\"potentialAction\":[{\"@type\":\"ReadAction\",\"target\":[\"https:\\\/\\\/fordonsanpassarna.se\\\/privacy-policy\\\/\"]}]},{\"@type\":\"BreadcrumbList\",\"@id\":\"https:\\\/\\\/fordonsanpassarna.se\\\/privacy-policy\\\/#breadcrumb\",\"itemListElement\":[{\"@type\":\"ListItem\",\"position\":1,\"name\":\"Hem\",\"item\":\"https:\\\/\\\/fordonsanpassarna.se\\\/\"},{\"@type\":\"ListItem\",\"position\":2,\"name\":\"Integritetspolicy\"}]},{\"@type\":\"WebSite\",\"@id\":\"https:\\\/\\\/fordonsanpassarna.se\\\/#website\",\"url\":\"https:\\\/\\\/fordonsanpassarna.se\\\/\",\"name\":\"Fordonsanpassarna\",\"description\":\"Fordonsanpassningar f\u00f6r en mer oberoende tillvaro\",\"publisher\":{\"@id\":\"https:\\\/\\\/fordonsanpassarna.se\\\/#organization\"},\"potentialAction\":[{\"@type\":\"SearchAction\",\"target\":{\"@type\":\"EntryPoint\",\"urlTemplate\":\"https:\\\/\\\/fordonsanpassarna.se\\\/?s={search_term_string}\"},\"query-input\":{\"@type\":\"PropertyValueSpecification\",\"valueRequired\":true,\"valueName\":\"search_term_string\"}}],\"inLanguage\":\"en-US\"},{\"@type\":\"Organization\",\"@id\":\"https:\\\/\\\/fordonsanpassarna.se\\\/#organization\",\"name\":\"Fordonsanpassarna\",\"url\":\"https:\\\/\\\/fordonsanpassarna.se\\\/\",\"logo\":{\"@type\":\"ImageObject\",\"inLanguage\":\"en-US\",\"@id\":\"https:\\\/\\\/fordonsanpassarna.se\\\/#\\\/schema\\\/logo\\\/image\\\/\",\"url\":\"https:\\\/\\\/fordonsanpassarna.se\\\/wp-content\\\/uploads\\\/2022\\\/03\\\/Fordonsanpassarna_Logo.svg\",\"contentUrl\":\"https:\\\/\\\/fordonsanpassarna.se\\\/wp-content\\\/uploads\\\/2022\\\/03\\\/Fordonsanpassarna_Logo.svg\",\"width\":180,\"height\":55,\"caption\":\"Fordonsanpassarna\"},\"image\":{\"@id\":\"https:\\\/\\\/fordonsanpassarna.se\\\/#\\\/schema\\\/logo\\\/image\\\/\"},\"sameAs\":[\"https:\\\/\\\/www.facebook.com\\\/Fordonsanpassarna-Trollh\u00e4ttan-AB-378064840147\\\/\",\"https:\\\/\\\/www.linkedin.com\\\/company\\\/fordonsanpassarna\\\/\"]}]}<\/script>\n<!-- \/ Yoast SEO plugin. -->","yoast_head_json":{"title":"Integritetspolicy | Fordonsanpassarna","description":"L\u00e4s v\u00e5r integritetspolicy h\u00e4r, som g\u00e5r igenom webbsidans inneh\u00e5ll, copyright, cookies och hantering av personuppgifter.","robots":{"index":"noindex","follow":"nofollow"},"og_locale":"en_US","og_type":"article","og_title":"Integritetspolicy | Fordonsanpassarna","og_description":"L\u00e4s v\u00e5r integritetspolicy h\u00e4r, som g\u00e5r igenom webbsidans inneh\u00e5ll, copyright, cookies och hantering av personuppgifter.","og_url":"https:\/\/fordonsanpassarna.se\/en\/privacy-policy\/","og_site_name":"Fordonsanpassarna","article_publisher":"https:\/\/www.facebook.com\/Fordonsanpassarna-Trollh%c3%a4ttan-AB-378064840147\/","article_modified_time":"2022-04-01T07:57:31+00:00","twitter_card":"summary_large_image","twitter_misc":{"Est. reading time":"3 minutes"},"schema":{"@context":"https:\/\/schema.org","@graph":[{"@type":"WebPage","@id":"https:\/\/fordonsanpassarna.se\/privacy-policy\/","url":"https:\/\/fordonsanpassarna.se\/privacy-policy\/","name":"Integritetspolicy | Fordonsanpassarna","isPartOf":{"@id":"https:\/\/fordonsanpassarna.se\/#website"},"datePublished":"2022-02-23T14:52:55+00:00","dateModified":"2022-04-01T07:57:31+00:00","description":"L\u00e4s v\u00e5r integritetspolicy h\u00e4r, som g\u00e5r igenom webbsidans inneh\u00e5ll, copyright, cookies och hantering av personuppgifter.","breadcrumb":{"@id":"https:\/\/fordonsanpassarna.se\/privacy-policy\/#breadcrumb"},"inLanguage":"en-US","potentialAction":[{"@type":"ReadAction","target":["https:\/\/fordonsanpassarna.se\/privacy-policy\/"]}]},{"@type":"BreadcrumbList","@id":"https:\/\/fordonsanpassarna.se\/privacy-policy\/#breadcrumb","itemListElement":[{"@type":"ListItem","position":1,"name":"Hem","item":"https:\/\/fordonsanpassarna.se\/"},{"@type":"ListItem","position":2,"name":"Integritetspolicy"}]},{"@type":"WebSite","@id":"https:\/\/fordonsanpassarna.se\/#website","url":"https:\/\/fordonsanpassarna.se\/","name":"Fordonsanpassarna","description":"Vehicle adaptations for a more independent life","publisher":{"@id":"https:\/\/fordonsanpassarna.se\/#organization"},"potentialAction":[{"@type":"SearchAction","target":{"@type":"EntryPoint","urlTemplate":"https:\/\/fordonsanpassarna.se\/?s={search_term_string}"},"query-input":{"@type":"PropertyValueSpecification","valueRequired":true,"valueName":"search_term_string"}}],"inLanguage":"en-US"},{"@type":"Organization","@id":"https:\/\/fordonsanpassarna.se\/#organization","name":"Fordonsanpassarna","url":"https:\/\/fordonsanpassarna.se\/","logo":{"@type":"ImageObject","inLanguage":"en-US","@id":"https:\/\/fordonsanpassarna.se\/#\/schema\/logo\/image\/","url":"https:\/\/fordonsanpassarna.se\/wp-content\/uploads\/2022\/03\/Fordonsanpassarna_Logo.svg","contentUrl":"https:\/\/fordonsanpassarna.se\/wp-content\/uploads\/2022\/03\/Fordonsanpassarna_Logo.svg","width":180,"height":55,"caption":"Fordonsanpassarna"},"image":{"@id":"https:\/\/fordonsanpassarna.se\/#\/schema\/logo\/image\/"},"sameAs":["https:\/\/www.facebook.com\/Fordonsanpassarna-Trollh\u00e4ttan-AB-378064840147\/","https:\/\/www.linkedin.com\/company\/fordonsanpassarna\/"]}]}},"_links":{"self":[{"href":"https:\/\/fordonsanpassarna.se\/en\/wp-json\/wp\/v2\/pages\/3","targetHints":{"allow":["GET"]}}],"collection":[{"href":"https:\/\/fordonsanpassarna.se\/en\/wp-json\/wp\/v2\/pages"}],"about":[{"href":"https:\/\/fordonsanpassarna.se\/en\/wp-json\/wp\/v2\/types\/page"}],"author":[{"embeddable":true,"href":"https:\/\/fordonsanpassarna.se\/en\/wp-json\/wp\/v2\/users\/1"}],"replies":[{"embeddable":true,"href":"https:\/\/fordonsanpassarna.se\/en\/wp-json\/wp\/v2\/comments?post=3"}],"version-history":[{"count":0,"href":"https:\/\/fordonsanpassarna.se\/en\/wp-json\/wp\/v2\/pages\/3\/revisions"}],"wp:attachment":[{"href":"https:\/\/fordonsanpassarna.se\/en\/wp-json\/wp\/v2\/media?parent=3"}],"curies":[{"name":"wp","href":"https:\/\/api.w.org\/{rel}","templated":true}]}}